{"id":83623,"date":"2020-05-25T09:27:20","date_gmt":"2020-05-25T08:27:20","guid":{"rendered":"https:\/\/tunels.cat\/?page_id=83623"},"modified":"2025-09-30T16:51:26","modified_gmt":"2025-09-30T14:51:26","slug":"infraestructura-tuneles-vallvidrera","status":"publish","type":"page","link":"https:\/\/tunels.cat\/es\/tuneles-de-vallvidrera\/infraestructura-tuneles-vallvidrera\/","title":{"rendered":"Infraestructura de los T\u00faneles de Vallvidrera"},"content":{"rendered":"<div class=\"wpb-content-wrapper\"><p>[vc_row unlock_row_content=\u00bbyes\u00bb row_height_percent=\u00bb30&#8243; override_padding=\u00bbyes\u00bb h_padding=\u00bb2&#8243; top_padding=\u00bb3&#8243; bottom_padding=\u00bb3&#8243; back_image=\u00bb82784&#8243; back_repeat=\u00bbno-repeat\u00bb back_position=\u00bbcenter bottom\u00bb parallax=\u00bbyes\u00bb kburns=\u00bbyes\u00bb overlay_alpha=\u00bb100&#8243; gutter_size=\u00bb3&#8243; column_width_percent=\u00bb100&#8243; shift_y=\u00bb0&#8243; z_index=\u00bb0&#8243; mobile_visibility=\u00bbyes\u00bb row_height_pixel=\u00bb250&#8243;][vc_column column_width_use_pixel=\u00bbyes\u00bb position_vertical=\u00bbmiddle\u00bb align_horizontal=\u00bbalign_center\u00bb gutter_size=\u00bb2&#8243; overlay_alpha=\u00bb100&#8243; shift_x=\u00bb0&#8243; shift_y=\u00bb0&#8243; shift_y_down=\u00bb0&#8243; z_index=\u00bb0&#8243; medium_width=\u00bb0&#8243; mobile_width=\u00bb0&#8243; zoom_width=\u00bb0&#8243; zoom_height=\u00bb0&#8243; width=\u00bb1\/1&#8243; column_width_pixel=\u00bb700&#8243;][\/vc_column][\/vc_row][vc_row unlock_row_content=\u00bbyes\u00bb row_height_percent=\u00bb30&#8243; override_padding=\u00bbyes\u00bb h_padding=\u00bb0&#8243; top_padding=\u00bb0&#8243; bottom_padding=\u00bb0&#8243; back_image=\u00bb82784&#8243; back_repeat=\u00bbno-repeat\u00bb back_position=\u00bbcenter bottom\u00bb parallax=\u00bbyes\u00bb overlay_alpha=\u00bb100&#8243; gutter_size=\u00bb3&#8243; column_width_percent=\u00bb100&#8243; shift_y=\u00bb0&#8243; z_index=\u00bb0&#8243; desktop_visibility=\u00bbyes\u00bb medium_visibility=\u00bbyes\u00bb row_height_pixel=\u00bb250&#8243;][vc_column column_width_use_pixel=\u00bbyes\u00bb position_vertical=\u00bbmiddle\u00bb align_horizontal=\u00bbalign_center\u00bb gutter_size=\u00bb2&#8243; overlay_alpha=\u00bb100&#8243; shift_x=\u00bb0&#8243; shift_y=\u00bb0&#8243; shift_y_down=\u00bb0&#8243; z_index=\u00bb0&#8243; medium_width=\u00bb0&#8243; mobile_width=\u00bb0&#8243; zoom_width=\u00bb0&#8243; zoom_height=\u00bb0&#8243; width=\u00bb1\/1&#8243; column_width_pixel=\u00bb700&#8243;][\/vc_column][\/vc_row][vc_row row_height_percent=\u00bb0&#8243; back_color=\u00bbcolor-gyho\u00bb overlay_alpha=\u00bb50&#8243; gutter_size=\u00bb3&#8243; column_width_percent=\u00bb100&#8243; shift_y=\u00bb0&#8243; z_index=\u00bb0&#8243;][vc_column width=\u00bb1\/1&#8243;][vc_custom_heading heading_semantic=\u00bbh1&#8243;]Infraestructura de los T\u00faneles de Vallvidrera[\/vc_custom_heading][\/vc_column][\/vc_row][vc_row][vc_column column_width_percent=\u00bb100&#8243; align_horizontal=\u00bbalign_center\u00bb gutter_size=\u00bb3&#8243; overlay_alpha=\u00bb50&#8243; shift_x=\u00bb0&#8243; shift_y=\u00bb0&#8243; shift_y_down=\u00bb0&#8243; z_index=\u00bb0&#8243; medium_width=\u00bb0&#8243; mobile_width=\u00bb0&#8243; width=\u00bb1\/3&#8243;][vc_custom_heading text_color=\u00bbcolor-569169&#8243;]PLANO[\/vc_custom_heading][vc_single_image media=\u00bb83629&#8243; media_lightbox=\u00bbyes\u00bb media_width_percent=\u00bb100&#8243; alignment=\u00bbcenter\u00bb el_class=\u00bbfull-width\u00bb][\/vc_column][vc_column width=\u00bb2\/3&#8243;][vc_column_text]La concesi\u00f3n de los t\u00faneles de Vallvidrera discurre dentro del Parque Natural de Collserola a lo largo de la carretera C-16, y desde el pk 7+000 al pk 13+640.\u00a0<strong>El 42% de la longitud del trazado est\u00e1 constituido por t\u00faneles<\/strong>, de los cuales los principales son:<\/p>\n<ul>\n<li><strong>T\u00fanel de Vallvidrera<\/strong>: 2.517 m y con una galer\u00eda de evacuaci\u00f3n paralela al t\u00fanel principal, con 10 salidas de emergencia.<\/li>\n<li><strong>T\u00fanel de la Floresta<\/strong>: 440 m<\/li>\n<li><strong>T\u00fanel de Can Llobet<\/strong>: 391 m<\/li>\n<li><strong>T\u00fanel de Valldoreix<\/strong>: 857 m<\/li>\n<li><strong>T\u00fanel de Can Rabella<\/strong>: 389 m<\/li>\n<\/ul>\n<p>Es una v\u00eda r\u00e1pida de peaje de acceso a la ciudad de Barcelona, que dispone de las instalaciones necesarias para garantizar la seguridad de sus usuarios, un \u00e1rea donde se ofrecen los servicios de venta de carburante, tienda y cafeter\u00eda.[\/vc_column_text][vc_row_inner limit_content=\u00bb\u00bb][vc_column_inner width=\u00bb1\/1&#8243;][vc_custom_heading text_color=\u00bbcolor-569169&#8243; text_size=\u00bbh3&#8243;]\u00c0REA DE SERVICIO EN LOS T\u00daNELES DE VALLVIDRERA[\/vc_custom_heading][\/vc_column_inner][\/vc_row_inner][vc_row_inner limit_content=\u00bb\u00bb][vc_column_inner column_width_percent=\u00bb100&#8243; gutter_size=\u00bb3&#8243; overlay_alpha=\u00bb50&#8243; shift_x=\u00bb0&#8243; shift_y=\u00bb0&#8243; shift_y_down=\u00bb0&#8243; z_index=\u00bb0&#8243; medium_width=\u00bb0&#8243; mobile_width=\u00bb7&#8243; width=\u00bb1\/2&#8243;][vc_single_image media=\u00bb83630&#8243; media_width_percent=\u00bb100&#8243; el_class=\u00bbfull-width\u00bb][\/vc_column_inner][vc_column_inner width=\u00bb1\/2&#8243;][vc_column_text]Vallvidrera, direcci\u00f3n Sant Cugat. C-16 en el eje de los T\u00faneles de Vallvidrera. Tel\u00e9fono 935 879 405.<\/p>\n<ul>\n<li>Cafeter\u00eda<\/li>\n<li>Venta de carburante<\/li>\n<li>Tienda de productos de conveniencia<\/li>\n<li>Punto de carga de veh\u00edculos el\u00e9ctricos<\/li>\n<\/ul>\n<p>[\/vc_column_text][\/vc_column_inner][\/vc_row_inner][\/vc_column][\/vc_row][vc_row row_height_percent=\u00bb0&#8243; back_color=\u00bbcolor-lxmt\u00bb overlay_alpha=\u00bb50&#8243; gutter_size=\u00bb3&#8243; column_width_percent=\u00bb100&#8243; shift_y=\u00bb0&#8243; z_index=\u00bb0&#8243; uncode_shortcode_id=\u00bb173523&#8243; back_color_type=\u00bbuncode-palette\u00bb][vc_column width=\u00bb1\/1&#8243;][vc_raw_html]JTNDZGl2JTIwc3R5bGUlM0QlMjJjb2xvciUzQSUyMCUyMzMwMzEzMyUzQiUyMiUzRSUwQSUzQ2g0JTIwc3R5bGUlM0QlMjJmb250LXNpemUlM0ElMjAxLjVyZW0lM0IlMjBmb250LXdlaWdodCUzQSUyMGJvbGQlM0IlMjBsaW5lLWhlaWdodCUzQSUyMDEuMiUzQiUyMHRleHQtYWxpZ24lM0ElMjBjZW50ZXIlM0IlMjBtYXJnaW4lM0ElMjAwJTIwYXV0byUyMDMycHglMjBhdXRvJTNCJTIwbWF4LXdpZHRoJTNBJTIwOTAwcHglM0IlMjIlM0VSRU5PVkFDSSVDMyU5M04lMjBJTlNUQUxBQ0klQzMlOTNOJTIwU0lTVEVNQSUyMERFJTIwQ0xJTUFUSVpBQ0klQzMlOTNOJTIwRURJRklDSU8lMjBTRVJWSUNJT1MlMjBUJUMzJTlBTkVMRVMlMjBERSUyMFZBTExWSURSRVJBJTNDJTJGaDQlM0UlMEElM0NkaXYlMjBzdHlsZSUzRCUyMmRpc3BsYXklM0ElMjBmbGV4JTNCJTIwZmxleC13cmFwJTNBJTIwd3JhcCUzQiUyMGp1c3RpZnktY29udGVudCUzQSUyMGNlbnRlciUzQiUyMGNvbHVtbi1nYXAlM0ElMjAyMHB4JTNCJTIwcm93LWdhcCUzQSUyMDIwcHglM0IlMjBtYXJnaW4tYm90dG9tJTNBJTIwMjBweCUzQiUyMiUzRSUwQSUzQ2ltZyUyMHNyYyUzRCUyMmh0dHBzJTNBJTJGJTJGdHVuZWxzLmNhdCUyRndwLWNvbnRlbnQlMkZ1cGxvYWRzJTJGMjAyNSUyRjA5JTJGRVNfRmluYW5jaWFkb19wb3JfbGFfVW5pb25fRXVyb3BlYS0xLnBuZyUyMiUyMGFsdCUzRCUyMiUyMiUyMHN0eWxlJTNEJTIyZGlzcGxheSUzQiUyMGJsb2NrJTNCJTIwaGVpZ2h0JTNBJTIwNDhweCUzQiUyMHdpZHRoJTNBJTIwYXV0byUzQiUyMiUyMHdpZHRoJTNEJTIyMjU2JTIyJTIwaGVpZ2h0JTNEJTIyNjQlMjIlMjAlMkYlM0UlMEElM0NpbWclMjBzcmMlM0QlMjJodHRwcyUzQSUyRiUyRnR1bmVscy5jYXQlMkZ3cC1jb250ZW50JTJGdXBsb2FkcyUyRjIwMjUlMkYwOSUyRm1pbmlzdGVyaW9fZXMucG5nJTIyJTIwYWx0JTNEJTIyJTIyJTIwc3R5bGUlM0QlMjJkaXNwbGF5JTNCJTIwYmxvY2slM0IlMjBoZWlnaHQlM0ElMjA0OHB4JTNCJTIwd2lkdGglM0ElMjBhdXRvJTNCJTIyJTIwd2lkdGglM0QlMjIxOTYlMjIlMjBoZWlnaHQlM0QlMjI2NCUyMiUyMCUyRiUzRSUwQSUzQ2ltZyUyMHNyYyUzRCUyMmh0dHBzJTNBJTJGJTJGdHVuZWxzLmNhdCUyRndwLWNvbnRlbnQlMkZ1cGxvYWRzJTJGMjAyNSUyRjA5JTJGaWRhZS5wbmclMjIlMjBhbHQlM0QlMjIlMjIlMjBzdHlsZSUzRCUyMmRpc3BsYXklM0IlMjBibG9jayUzQiUyMGhlaWdodCUzQSUyMDQ4cHglM0IlMjB3aWR0aCUzQSUyMGF1dG8lM0IlMjIlMjB3aWR0aCUzRCUyMjIxNyUyMiUyMGhlaWdodCUzRCUyMjY0JTIyJTIwJTJGJTNFJTBBJTNDaW1nJTIwc3JjJTNEJTIyaHR0cHMlM0ElMkYlMkZ0dW5lbHMuY2F0JTJGd3AtY29udGVudCUyRnVwbG9hZHMlMkYyMDI1JTJGMDklMkZwbGFuX3J0ci5wbmclMjIlMjBhbHQlM0QlMjIlMjIlMjBzdHlsZSUzRCUyMmRpc3BsYXklM0IlMjBibG9jayUzQiUyMGhlaWdodCUzQSUyMDQ4cHglM0IlMjB3aWR0aCUzQSUyMGF1dG8lM0IlMjIlMjB3aWR0aCUzRCUyMjI4NyUyMiUyMGhlaWdodCUzRCUyMjY0JTIyJTIwJTJGJTNFJTBBJTNDaW1nJTIwc3JjJTNEJTIyaHR0cHMlM0ElMkYlMkZ0dW5lbHMuY2F0JTJGd3AtY29udGVudCUyRnVwbG9hZHMlMkYyMDI1JTJGMDklMkZ0ZXJtaWNhLnBuZyUyMiUyMGFsdCUzRCUyMiUyMiUyMHN0eWxlJTNEJTIyZGlzcGxheSUzQiUyMGJsb2NrJTNCJTIwaGVpZ2h0JTNBJTIwNDhweCUzQiUyMHdpZHRoJTNBJTIwYXV0byUzQiUyMiUyMHdpZHRoJTNEJTIyMTI0JTIyJTIwaGVpZ2h0JTNEJTIyNjQlMjIlMjAlMkYlM0UlMEElM0MlMkZkaXYlM0UlMEElM0NkaXYlMjBzdHlsZSUzRCUyMmRpc3BsYXklM0ElMjBmbGV4JTNCJTIwZmxleC13cmFwJTNBJTIwd3JhcCUzQiUyMGp1c3RpZnktY29udGVudCUzQSUyMGNlbnRlciUzQiUyMGNvbHVtbi1nYXAlM0ElMjAyMHB4JTNCJTIwcm93LWdhcCUzQSUyMDIwcHglM0IlMjBtYXJnaW4tYm90dG9tJTNBJTIwMzJweCUzQiUyMiUzRSUwQSUzQ2ltZyUyMHNyYyUzRCUyMmh0dHBzJTNBJTJGJTJGdHVuZWxzLmNhdCUyRndwLWNvbnRlbnQlMkZ1cGxvYWRzJTJGMjAyNSUyRjA5JTJGbmV4dGdlbl9jYS5wbmclMjIlMjBhbHQlM0QlMjIlMjIlMjBzdHlsZSUzRCUyMmRpc3BsYXklM0IlMjBibG9jayUzQiUyMGhlaWdodCUzQSUyMDQ4cHglM0IlMjB3aWR0aCUzQSUyMGF1dG8lM0IlMjIlMjB3aWR0aCUzRCUyMjI0MyUyMiUyMGhlaWdodCUzRCUyMjY0JTIyJTIwJTJGJTNFJTBBJTNDaW1nJTIwc3JjJTNEJTIyaHR0cHMlM0ElMkYlMkZ0dW5lbHMuY2F0JTJGd3AtY29udGVudCUyRnVwbG9hZHMlMkYyMDI1JTJGMDklMkZnZW5jYXQtMi5wbmclMjIlMjBhbHQlM0QlMjIlMjIlMjBzdHlsZSUzRCUyMmRpc3BsYXklM0IlMjBibG9jayUzQiUyMGhlaWdodCUzQSUyMDQ4cHglM0IlMjB3aWR0aCUzQSUyMGF1dG8lM0IlMjIlMjB3aWR0aCUzRCUyMjI2NCUyMiUyMGhlaWdodCUzRCUyMjY0JTIyJTIwJTJGJTNFJTBBJTNDJTJGZGl2JTNFJTBBJTNDcCUyMHN0eWxlJTNEJTIyZm9udC1zaXplJTNBJTIwMS41cmVtJTNCJTIwZm9udC13ZWlnaHQlM0ElMjBib2xkJTNCJTIwbGluZS1oZWlnaHQlM0ElMjAxLjIlM0IlMjB0ZXh0LWFsaWduJTNBJTIwY2VudGVyJTNCJTIyJTNFUHJveWVjdG8lMjBhY29naWRvJTIwZW4lMjBlbCUyMHByb2dyYW1hJTIwZGUlMjBheXVkYXMlMjBhJTIwbGFzJTIwZW5lcmclQzMlQURhcyUyMHJlbm92YWJsZXMlMjB0JUMzJUE5cm1pY2FzJTIwZW4lMjBkaWZlcmVudGVzJTIwc2VjdG9yZXMlMjBkZSUyMGxhJTIwZWNvbm9tJUMzJUFEYSUyQyUyMGVuJTIwZWwlMjBtYXJjbyUyMGRlbCUyMFBsYW4lMjBkZSUyMFJlY3VwZXJhY2klQzMlQjNuJTJDJTIwVHJhbnNmb3JtYWNpJUMzJUIzbiUyMHklMjBSZXNpbGllbmNpYSUyQyUyMGZpbmFuY2lhZG8lMjBwb3IlMjBsYSUyMFVuaSVDMyVCM24lMjBFdXJvcGVhJTIwJUUyJTgwJTkzJTIwTmV4dEdlbmVyYXRpb25FVSUzQyUyRnAlM0UlMEElM0NwJTIwc3R5bGUlM0QlMjJmb250LXNpemUlM0ElMjAxLjJyZW0lM0IlMjBsaW5lLWhlaWdodCUzQSUyMDEuMiUzQiUyMiUzRSUwQSUzQ3N0cm9uZyUzRU5vbWJyZSUyMGRlbCUyMGJlbmVmaWNpYXJpbyUzQSUzQyUyRnN0cm9uZyUzRSUyMFRVTkVMUyUyMERFJTIwQkFSQ0VMT05BJTIwSSUyMENBREklMjBDT05DRVNTSU9OQVJJQSUyMERFJTIwTEElMjBHRU5FUkFMSVRBVCUyMFMuQS4lM0NiciUzRSUwQSUzQ3N0cm9uZyUzRUludmVyc2klQzMlQjNuJTIwdG90YWwlMjAlMjglRTIlODIlQUMlMjklM0ElM0MlMkZzdHJvbmclM0UlMjAxNDMuMjk5JTJDOTklRTIlODIlQUMlM0NiciUzRSUwQSUzQ3N0cm9uZyUzRUltcG9ydGUlMjBkZSUyMGxhJTIwYXl1ZGElMjAlMjglRTIlODIlQUMlMjklM0ElM0MlMkZzdHJvbmclM0UlMjA0My4zNDMlMkMzMCUyMCVFMiU4MiVBQyUzQ2JyJTNFJTBBJTNDc3Ryb25nJTNFUG90ZW5jaWElMjAlMjhrVyUyOSUzQSUzQyUyRnN0cm9uZyUzRSUyMDE1NyUyQzQlM0NiciUzRSUwQSUzQyUyRnAlM0UlMEElM0MlMkZkaXYlM0U=[\/vc_raw_html][\/vc_column][\/vc_row]<\/p>\n<\/div>","protected":false},"excerpt":{"rendered":"<p>[vc_row unlock_row_content=\u00bbyes\u00bb row_height_percent=\u00bb30&#8243; override_padding=\u00bbyes\u00bb h_padding=\u00bb2&#8243; top_padding=\u00bb3&#8243; bottom_padding=\u00bb3&#8243; back_image=\u00bb82784&#8243; back_repeat=\u00bbno-repeat\u00bb back_position=\u00bbcenter bottom\u00bb parallax=\u00bbyes\u00bb kburns=\u00bbyes\u00bb overlay_alpha=\u00bb100&#8243; gutter_size=\u00bb3&#8243; column_width_percent=\u00bb100&#8243; shift_y=\u00bb0&#8243; z_index=\u00bb0&#8243; mobile_visibility=\u00bbyes\u00bb row_height_pixel=\u00bb250&#8243;][vc_column [&hellip;]<\/p>\n","protected":false},"author":1,"featured_media":0,"parent":83584,"menu_order":0,"comment_status":"closed","ping_status":"closed","template":"","meta":{"footnotes":""},"_links":{"self":[{"href":"https:\/\/tunels.cat\/es\/wp-json\/wp\/v2\/pages\/83623"}],"collection":[{"href":"https:\/\/tunels.cat\/es\/wp-json\/wp\/v2\/pages"}],"about":[{"href":"https:\/\/tunels.cat\/es\/wp-json\/wp\/v2\/types\/page"}],"author":[{"embeddable":true,"href":"https:\/\/tunels.cat\/es\/wp-json\/wp\/v2\/users\/1"}],"replies":[{"embeddable":true,"href":"https:\/\/tunels.cat\/es\/wp-json\/wp\/v2\/comments?post=83623"}],"version-history":[{"count":8,"href":"https:\/\/tunels.cat\/es\/wp-json\/wp\/v2\/pages\/83623\/revisions"}],"predecessor-version":[{"id":176047,"href":"https:\/\/tunels.cat\/es\/wp-json\/wp\/v2\/pages\/83623\/revisions\/176047"}],"up":[{"embeddable":true,"href":"https:\/\/tunels.cat\/es\/wp-json\/wp\/v2\/pages\/83584"}],"wp:attachment":[{"href":"https:\/\/tunels.cat\/es\/wp-json\/wp\/v2\/media?parent=83623"}],"curies":[{"name":"wp","href":"https:\/\/api.w.org\/{rel}","templated":true}]}}