{"id":83655,"date":"2020-05-25T09:43:03","date_gmt":"2020-05-25T08:43:03","guid":{"rendered":"https:\/\/tunels.cat\/?page_id=83655"},"modified":"2021-07-16T08:30:56","modified_gmt":"2021-07-16T07:30:56","slug":"historia-de-los-tuneles-de-vallvidrera","status":"publish","type":"page","link":"https:\/\/tunels.cat\/es\/empresa\/historia-de-los-tuneles-de-vallvidrera\/","title":{"rendered":"Historia de los T\u00faneles de Vallvidrera"},"content":{"rendered":"<div class=\"wpb-content-wrapper\"><p>[vc_row unlock_row=\u00bb\u00bb row_height_percent=\u00bb50&#8243; override_padding=\u00bbyes\u00bb h_padding=\u00bb0&#8243; top_padding=\u00bb2&#8243; bottom_padding=\u00bb0&#8243; overlay_alpha=\u00bb50&#8243; gutter_size=\u00bb4&#8243; column_width_percent=\u00bb100&#8243; shift_y=\u00bb0&#8243; z_index=\u00bb0&#8243; el_class=\u00bbinverted-device-order\u00bb][vc_column column_width_use_pixel=\u00bbyes\u00bb position_vertical=\u00bbmiddle\u00bb gutter_size=\u00bb3&#8243; overlay_alpha=\u00bb50&#8243; shift_x=\u00bb0&#8243; shift_y=\u00bb0&#8243; shift_y_down=\u00bb0&#8243; z_index=\u00bb0&#8243; medium_width=\u00bb0&#8243; mobile_width=\u00bb0&#8243; width=\u00bb1\/1&#8243; el_class=\u00bbcol-md col-sm\u00bb][vc_custom_heading text_color=\u00bbcolor-569169&#8243;]Historia de los T\u00faneles de Vallvidrera[\/vc_custom_heading][vc_single_image media=\u00bb82852&#8243; media_width_percent=\u00bb100&#8243; media_ratio=\u00bbfour-three\u00bb][vc_column_text]La historia de los t\u00faneles de Vallvidrera tiene sus primeros precedentes en la primera d\u00e9cada del siglo XX. Primero, era el tren de Mina Grott que ten\u00eda un recorrido subterr\u00e1neo de 1.400 metros y un\u00eda el pantano de Vallvidrera con la carretera de las aguas en la vertiente barcelonesa de la monta\u00f1a. Luego fue la actual l\u00ednea de los Ferrocarriles de la Generalitat, la ruta de los cuales, trazada por los constructores a principios del siglo XX, est\u00e1 muy pr\u00f3xima, aunque a una menor profundidad, en la que ahora siguen los t\u00faneles de Vallvidrera.<\/p>\n<p>Debido al peso socioecon\u00f3mico de la ciudad de Barcelona y de la comarca del Vall\u00e9s Occidental se hace necesaria la construcci\u00f3n de un eje viario que potencie y garantice las comunicaciones entre las dos zonas, facilitando as\u00ed el crecimiento y desarrollo econ\u00f3mico de ambas. Como consecuencia de esta necesidad, <strong>el 14 de febrero de 1967<\/strong>, del Ayuntamiento de Barcelona inicia los tr\u00e1mites para la adjudicaci\u00f3n por concurso de las obras de construcci\u00f3n de uno o m\u00e1s t\u00faneles urbanos a trav\u00e9s de la sierra de Collserola.<\/p>\n<p><strong>En julio de 1967<\/strong> se constituye la empresa \u00abT\u00faneles y Autopistas de Barcelona, \u200b\u200bSA\u00bb (TABASA) como empresa licitadora para el concurso de las obras de los t\u00faneles de Vallvidrera. En diciembre del mismo a\u00f1o se constituye el \u00abConsorcio T\u00faneles del Tibidabo\u00bb que agrupa los municipios implicados en la obra y que dos a\u00f1os m\u00e1s tarde, el <strong>18 de diciembre de 1969<\/strong>, adjudica a TABASA la construcci\u00f3n y explotaci\u00f3n de los t\u00faneles de Vallvidrera.<\/p>\n<p>E<strong>ntre 1970 y 1975<\/strong> TABASA inicia las obras contempladas en el contrato, entre las que se destaca el t\u00fanel de la Rovira en el interior de la ciudad. Sin embargo, en <strong>marzo de 1976<\/strong>, del Ayuntamiento de Barcelona y el Consorcio ordenan la paralizaci\u00f3n total de las obras sine die. En <strong>julio de 1980<\/strong>, el Ministerio de Obras P\u00fablicas (MOP), traspasa a la Generalitat de Catalunya el compromiso de participar en la construcci\u00f3n de los t\u00faneles de Vallvidrera, con explotaci\u00f3n en r\u00e9gimen de peaje.<\/p>\n<p>En <strong>abril de 1988<\/strong> se inician las obras de construcci\u00f3n en la boca sur del t\u00fanel oriental de Vallvidrera y en <strong>1991 se inaugura el t\u00fanel de Vallvidrera con una longitud de 2.517<\/strong> metros.<\/p>\n<p>Un 42% de la longitud del trazado est\u00e1 constituido por t\u00faneles, de los cuales los principales son:<\/p>\n<p>*<strong>T\u00fanel de Vallvidrera: 2.517 m<\/strong><br \/>\n<strong>\u00a0*T\u00fanel de La Floresta: 440 m<\/strong><br \/>\n<strong>\u00a0*T\u00fanel de Can Llobet: 391 m<\/strong><br \/>\n<strong>\u00a0*T\u00fanel de Valldoreix: 857 m<\/strong><br \/>\n<strong>\u00a0*T\u00fanel de Can Rabella: 389 m<\/strong>[\/vc_column_text][\/vc_column][\/vc_row][vc_row][vc_column width=\u00bb1\/1&#8243;][vc_gallery el_id=\u00bbgallery-826645&#8243; medias=\u00bb82856,83247,83248,83249&#8243; gutter_size=\u00bb3&#8243; screen_lg=\u00bb1000&#8243; screen_md=\u00bb600&#8243; screen_sm=\u00bb480&#8243; single_overlay_opacity=\u00bb50&#8243; single_padding=\u00bb2&#8243;][\/vc_column][\/vc_row]<\/p>\n<\/div>","protected":false},"excerpt":{"rendered":"<p>[vc_row unlock_row=\u00bb\u00bb row_height_percent=\u00bb50&#8243; override_padding=\u00bbyes\u00bb h_padding=\u00bb0&#8243; top_padding=\u00bb2&#8243; bottom_padding=\u00bb0&#8243; overlay_alpha=\u00bb50&#8243; gutter_size=\u00bb4&#8243; column_width_percent=\u00bb100&#8243; shift_y=\u00bb0&#8243; z_index=\u00bb0&#8243; el_class=\u00bbinverted-device-order\u00bb][vc_column column_width_use_pixel=\u00bbyes\u00bb position_vertical=\u00bbmiddle\u00bb gutter_size=\u00bb3&#8243; overlay_alpha=\u00bb50&#8243; shift_x=\u00bb0&#8243; shift_y=\u00bb0&#8243; shift_y_down=\u00bb0&#8243; [&hellip;]<\/p>\n","protected":false},"author":1,"featured_media":0,"parent":83652,"menu_order":30,"comment_status":"closed","ping_status":"closed","template":"","meta":{"footnotes":""},"_links":{"self":[{"href":"https:\/\/tunels.cat\/es\/wp-json\/wp\/v2\/pages\/83655"}],"collection":[{"href":"https:\/\/tunels.cat\/es\/wp-json\/wp\/v2\/pages"}],"about":[{"href":"https:\/\/tunels.cat\/es\/wp-json\/wp\/v2\/types\/page"}],"author":[{"embeddable":true,"href":"https:\/\/tunels.cat\/es\/wp-json\/wp\/v2\/users\/1"}],"replies":[{"embeddable":true,"href":"https:\/\/tunels.cat\/es\/wp-json\/wp\/v2\/comments?post=83655"}],"version-history":[{"count":9,"href":"https:\/\/tunels.cat\/es\/wp-json\/wp\/v2\/pages\/83655\/revisions"}],"predecessor-version":[{"id":84869,"href":"https:\/\/tunels.cat\/es\/wp-json\/wp\/v2\/pages\/83655\/revisions\/84869"}],"up":[{"embeddable":true,"href":"https:\/\/tunels.cat\/es\/wp-json\/wp\/v2\/pages\/83652"}],"wp:attachment":[{"href":"https:\/\/tunels.cat\/es\/wp-json\/wp\/v2\/media?parent=83655"}],"curies":[{"name":"wp","href":"https:\/\/api.w.org\/{rel}","templated":true}]}}