{"id":83664,"date":"2020-05-25T10:06:45","date_gmt":"2020-05-25T09:06:45","guid":{"rendered":"https:\/\/tunels.cat\/?page_id=83664"},"modified":"2021-07-16T08:32:59","modified_gmt":"2021-07-16T07:32:59","slug":"trabaja-con-nosotros","status":"publish","type":"page","link":"https:\/\/tunels.cat\/es\/empresa\/trabaja-con-nosotros\/","title":{"rendered":"Trabaja con nosotros"},"content":{"rendered":"<div class=\"wpb-content-wrapper\"><p>[vc_row row_height_percent=\u00bb85&#8243; override_padding=\u00bbyes\u00bb h_padding=\u00bb2&#8243; top_padding=\u00bb2&#8243; bottom_padding=\u00bb0&#8243; back_color=\u00bbcolor-lxmt\u00bb overlay_alpha=\u00bb100&#8243; gutter_size=\u00bb4&#8243; column_width_percent=\u00bb100&#8243; shift_y=\u00bb0&#8243; z_index=\u00bb0&#8243; bottom_divider=\u00bbswoosh-opacity\u00bb mobile_visibility=\u00bbyes\u00bb row_name=\u00bbiphone\u00bb el_class=\u00bbgradient\u00bb][vc_column column_width_percent=\u00bb100&#8243; position_vertical=\u00bbbottom\u00bb gutter_size=\u00bb3&#8243; style=\u00bblight\u00bb overlay_alpha=\u00bb50&#8243; shift_x=\u00bb0&#8243; shift_y=\u00bb0&#8243; shift_y_down=\u00bb0&#8243; z_index=\u00bb0&#8243; medium_width=\u00bb7&#8243; align_mobile=\u00bbalign_center_mobile\u00bb mobile_width=\u00bb0&#8243; css_animation=\u00bbbottom-t-top\u00bb animation_delay=\u00bb200&#8243; width=\u00bb1\/1&#8243;][vc_row_inner row_inner_height_percent=\u00bb0&#8243; overlay_alpha=\u00bb50&#8243; equal_height=\u00bbyes\u00bb gutter_size=\u00bb3&#8243; shift_y=\u00bb0&#8243; z_index=\u00bb0&#8243; limit_content=\u00bb\u00bb][vc_column_inner column_width_percent=\u00bb100&#8243; position_vertical=\u00bbmiddle\u00bb align_horizontal=\u00bbalign_center\u00bb gutter_size=\u00bb2&#8243; style=\u00bblight\u00bb overlay_alpha=\u00bb50&#8243; shift_x=\u00bb0&#8243; shift_y=\u00bb-5&#8243; shift_y_down=\u00bb0&#8243; z_index=\u00bb0&#8243; medium_width=\u00bb4&#8243; align_mobile=\u00bbalign_center_mobile\u00bb mobile_width=\u00bb0&#8243; width=\u00bb1\/1&#8243;][vc_empty_space empty_h=\u00bb2&#8243;][vc_custom_heading heading_semantic=\u00bbh1&#8243; text_size=\u00bbh1&#8243;]<strong>En T\u00fanels queremos crear un equipo cohesionado, motivado y satisfecho.<\/strong>[\/vc_custom_heading][vc_single_image media=\u00bb82976&#8243; media_width_use_pixel=\u00bbyes\u00bb alignment=\u00bbcenter\u00bb][vc_column_text text_lead=\u00bbyes\u00bb]Si est\u00e1s interesado\/a en que valoremos tu perfil, puedes enviarnos tu curr\u00edculum en PDF a la siguiente direcci\u00f3n de\u00a0 correo electr\u00f3nico:[\/vc_column_text][vc_empty_space empty_h=\u00bb1&#8243; mobile_visibility=\u00bbyes\u00bb][vc_button button_color=\u00bbcolor-prif\u00bb size=\u00bbbtn-lg\u00bb radius=\u00bbbtn-round\u00bb border_width=\u00bb0&#8243; link=\u00bburl:mailto%3Adept.personal%40tunels.cat|||rel:nofollow\u00bb]dept.personal@tunels.cat[\/vc_button][vc_empty_space empty_h=\u00bb3&#8243; mobile_visibility=\u00bbyes\u00bb][\/vc_column_inner][\/vc_row_inner][vc_column_text]<\/p>\n<h6>De acuerdo con lo que dispone la normativa vigente de Protecci\u00f3n de Datos Personales y, principalmente, el\u00a0 Reglamento (UE) 2016\/679 del Parlamento Europeo y del Consejo\u00a0 de 27 d\u2019 abril de 2016 relativo a la protecci\u00f3n de datos personales y a la libre circulaci\u00f3n de estos datos (en adelante, \u201cRGPD\u201d) y la Ley Org\u00e1nica 3\/2018, de 5 de diciembre, de Protecci\u00f3n de Datos Personales y garant\u00eda de los derechos digitales (en adelante, \u201cLOPD\u201d), los datos personales facilitados ser\u00e1n tratados por T\u00fanels de Barcelona i Cad\u00ed, Concession\u00e0ria de la Generalitat de Catalunya, S.A. con NIF A-65.931.412, como responsable del tratamiento, con la finalidad de formar parte en los procesos de selecci\u00f3n y futuras contrataciones que se lleven a cabo si es el caso.<\/h6>\n<h6>Le informamos que sus datos no ser\u00e1n comunicados a terceros. Los datos personales se conservar\u00e1n durante un plazo m\u00e1ximo de un a\u00f1o.<\/h6>\n<h6>Puede ejercer sus derechos de acceso, rectificaci\u00f3n o supresi\u00f3n, limitaci\u00f3n portabilidad y oposici\u00f3n dirigi\u00e9ndose a nuestras oficinas centrales de T\u00fanels de Barcelona i Cad\u00ed, Ctra. de Vallvidrera a Sant Cugat BV-1462 Km. 5,3. 08017-Barcelona (Ref. Datos Personales) o mediante un e-mail dirigido a\u00a0 <a href=\"mailto:privacitat@tunels.cat\">privacitat@tunels.cat<\/a> (Ref. Datos Personales) acreditando su identidad. Tambi\u00e9n puede contactar con nuestro delegado de protecci\u00f3n de datos a <a href=\"mailto:privacitat@tunels.cat\">privacitat@tunels.cat<\/a>. Finalmente, puede presentar una reclamaci\u00f3n ante la Agencia Espa\u00f1ola de Protecci\u00f3n de Datos.<\/h6>\n<p>[\/vc_column_text][vc_empty_space empty_h=\u00bb3&#8243;][\/vc_column][\/vc_row][vc_row row_height_percent=\u00bb85&#8243; override_padding=\u00bbyes\u00bb h_padding=\u00bb0&#8243; top_padding=\u00bb2&#8243; bottom_padding=\u00bb0&#8243; overlay_alpha=\u00bb100&#8243; gutter_size=\u00bb4&#8243; column_width_percent=\u00bb100&#8243; shift_y=\u00bb0&#8243; z_index=\u00bb0&#8243; bottom_divider=\u00bbswoosh-opacity\u00bb desktop_visibility=\u00bbyes\u00bb medium_visibility=\u00bbyes\u00bb row_name=\u00bbiphone\u00bb el_class=\u00bbgradient\u00bb][vc_column column_width_percent=\u00bb100&#8243; position_vertical=\u00bbbottom\u00bb gutter_size=\u00bb3&#8243; style=\u00bblight\u00bb overlay_alpha=\u00bb50&#8243; shift_x=\u00bb0&#8243; shift_y=\u00bb0&#8243; shift_y_down=\u00bb0&#8243; z_index=\u00bb0&#8243; medium_width=\u00bb7&#8243; align_mobile=\u00bbalign_center_mobile\u00bb mobile_width=\u00bb0&#8243; css_animation=\u00bbbottom-t-top\u00bb animation_delay=\u00bb200&#8243; width=\u00bb1\/1&#8243;][vc_custom_heading text_color=\u00bbcolor-569169&#8243;]A T\u00fanels volem crear un equip cohesionat, motivat i satisfet.[\/vc_custom_heading][vc_column_text]Si est\u00e0s interessat\/da en que valorem el teu perfil, pots enviar-nos el teu curr\u00edculum en PDF al seg\u00fcent correu:[\/vc_column_text][vc_button button_color=\u00bbcolor-prif\u00bb radius=\u00bbbtn-round\u00bb border_width=\u00bb0&#8243; link=\u00bburl:mailto%3Adept.personal%40tunels.cat|||rel:nofollow\u00bb]dept.personal@tunels.cat[\/vc_button][vc_column_text]<\/p>\n<h6>De acuerdo con lo que dispone la normativa vigente de Protecci\u00f3n de Datos Personales y, principalmente, el\u00a0 Reglamento (UE) 2016\/679 del Parlamento Europeo y del Consejo\u00a0 de 27 d\u2019 abril de 2016 relativo a la protecci\u00f3n de datos personales y a la libre circulaci\u00f3n de estos datos (en adelante, \u201cRGPD\u201d) y la Ley Org\u00e1nica 3\/2018, de 5 de diciembre, de Protecci\u00f3n de Datos Personales y garant\u00eda de los derechos digitales (en adelante, \u201cLOPD\u201d), los datos personales facilitados ser\u00e1n tratados por T\u00fanels de Barcelona i Cad\u00ed, Concession\u00e0ria de la Generalitat de Catalunya, S.A. con NIF A-65.931.412, como responsable del tratamiento, con la finalidad de formar parte en los procesos de selecci\u00f3n y futuras contrataciones que se lleven a cabo si es el caso.<\/h6>\n<h6>Le informamos que sus datos no ser\u00e1n comunicados a terceros. Los datos personales se conservar\u00e1n durante un plazo m\u00e1ximo de un a\u00f1o.<\/h6>\n<h6>Puede ejercer sus derechos de acceso, rectificaci\u00f3n o supresi\u00f3n, limitaci\u00f3n portabilidad y oposici\u00f3n dirigi\u00e9ndose a nuestras oficinas centrales de T\u00fanels de Barcelona i Cad\u00ed, Ctra. de Vallvidrera a Sant Cugat BV-1462 Km. 5,3. 08017-Barcelona (Ref. Datos Personales) o mediante un e-mail dirigido a\u00a0 <a href=\"mailto:privacitat@tunels.cat\">privacitat@tunels.cat<\/a> (Ref. Datos Personales) acreditando su identidad. Tambi\u00e9n puede contactar con nuestro delegado de protecci\u00f3n de datos a <a href=\"mailto:privacitat@tunels.cat\">privacitat@tunels.cat<\/a>. Finalmente, puede presentar una reclamaci\u00f3n ante la Agencia Espa\u00f1ola de Protecci\u00f3n de Datos.<\/h6>\n<p>[\/vc_column_text][vc_empty_space empty_h=\u00bb2&#8243;][\/vc_column][\/vc_row]<\/p>\n<\/div>","protected":false},"excerpt":{"rendered":"<p>[vc_row row_height_percent=\u00bb85&#8243; override_padding=\u00bbyes\u00bb h_padding=\u00bb2&#8243; top_padding=\u00bb2&#8243; bottom_padding=\u00bb0&#8243; back_color=\u00bbcolor-lxmt\u00bb overlay_alpha=\u00bb100&#8243; gutter_size=\u00bb4&#8243; column_width_percent=\u00bb100&#8243; shift_y=\u00bb0&#8243; z_index=\u00bb0&#8243; bottom_divider=\u00bbswoosh-opacity\u00bb mobile_visibility=\u00bbyes\u00bb row_name=\u00bbiphone\u00bb el_class=\u00bbgradient\u00bb][vc_column column_width_percent=\u00bb100&#8243; position_vertical=\u00bbbottom\u00bb gutter_size=\u00bb3&#8243; style=\u00bblight\u00bb [&hellip;]<\/p>\n","protected":false},"author":1,"featured_media":0,"parent":83652,"menu_order":100,"comment_status":"closed","ping_status":"closed","template":"","meta":{"footnotes":""},"_links":{"self":[{"href":"https:\/\/tunels.cat\/es\/wp-json\/wp\/v2\/pages\/83664"}],"collection":[{"href":"https:\/\/tunels.cat\/es\/wp-json\/wp\/v2\/pages"}],"about":[{"href":"https:\/\/tunels.cat\/es\/wp-json\/wp\/v2\/types\/page"}],"author":[{"embeddable":true,"href":"https:\/\/tunels.cat\/es\/wp-json\/wp\/v2\/users\/1"}],"replies":[{"embeddable":true,"href":"https:\/\/tunels.cat\/es\/wp-json\/wp\/v2\/comments?post=83664"}],"version-history":[{"count":4,"href":"https:\/\/tunels.cat\/es\/wp-json\/wp\/v2\/pages\/83664\/revisions"}],"predecessor-version":[{"id":84871,"href":"https:\/\/tunels.cat\/es\/wp-json\/wp\/v2\/pages\/83664\/revisions\/84871"}],"up":[{"embeddable":true,"href":"https:\/\/tunels.cat\/es\/wp-json\/wp\/v2\/pages\/83652"}],"wp:attachment":[{"href":"https:\/\/tunels.cat\/es\/wp-json\/wp\/v2\/media?parent=83664"}],"curies":[{"name":"wp","href":"https:\/\/api.w.org\/{rel}","templated":true}]}}