{"id":83761,"date":"2020-07-15T11:58:00","date_gmt":"2020-07-15T10:58:00","guid":{"rendered":"https:\/\/tunels.cat\/?page_id=83761"},"modified":"2022-01-03T10:43:19","modified_gmt":"2022-01-03T09:43:19","slug":"viat","status":"publish","type":"page","link":"https:\/\/tunels.cat\/es\/viat\/","title":{"rendered":"ViaT"},"content":{"rendered":"<div class=\"wpb-content-wrapper\"><p>[vc_row row_height_percent=\u00bb60&#8243; back_color=\u00bbcolor-wayh\u00bb back_image=\u00bb82985&#8243; back_position=\u00bbcenter top\u00bb parallax=\u00bbyes\u00bb kburns=\u00bbyes\u00bb overlay_color=\u00bbcolor-wayh\u00bb overlay_alpha=\u00bb50&#8243; gutter_size=\u00bb3&#8243; column_width_percent=\u00bb100&#8243; shift_y=\u00bb0&#8243; z_index=\u00bb0&#8243;][vc_column column_width_percent=\u00bb100&#8243; gutter_size=\u00bb3&#8243; overlay_alpha=\u00bb50&#8243; shift_x=\u00bb0&#8243; shift_y=\u00bb0&#8243; shift_y_down=\u00bb0&#8243; z_index=\u00bb0&#8243; medium_width=\u00bb0&#8243; mobile_width=\u00bb0&#8243; width=\u00bb1\/1&#8243; mobile_height=\u00bb340&#8243;][\/vc_column][\/vc_row][vc_row row_height_percent=\u00bb0&#8243; override_padding=\u00bbyes\u00bb h_padding=\u00bb2&#8243; top_padding=\u00bb2&#8243; bottom_padding=\u00bb2&#8243; overlay_alpha=\u00bb50&#8243; gutter_size=\u00bb3&#8243; column_width_use_pixel=\u00bbyes\u00bb shift_y=\u00bb0&#8243; z_index=\u00bb2&#8243;][vc_column column_width_percent=\u00bb100&#8243; align_horizontal=\u00bbalign_center\u00bb gutter_size=\u00bb3&#8243; override_padding=\u00bbyes\u00bb column_padding=\u00bb3&#8243; style=\u00bbdark\u00bb back_color=\u00bbaccent\u00bb overlay_alpha=\u00bb50&#8243; shift_x=\u00bb0&#8243; shift_y=\u00bb-5&#8243; shift_y_fixed=\u00bbyes\u00bb shift_y_down=\u00bb0&#8243; z_index=\u00bb0&#8243; medium_width=\u00bb0&#8243; mobile_width=\u00bb0&#8243; radius=\u00bbstd\u00bb shadow=\u00bblg\u00bb width=\u00bb1\/1&#8243;][vc_row_inner row_inner_height_percent=\u00bb0&#8243; overlay_alpha=\u00bb50&#8243; gutter_size=\u00bb4&#8243; shift_y=\u00bb0&#8243; z_index=\u00bb0&#8243; limit_content=\u00bb\u00bb][vc_column_inner column_width_percent=\u00bb100&#8243; align_horizontal=\u00bbalign_right\u00bb gutter_size=\u00bb3&#8243; style=\u00bbdark\u00bb overlay_alpha=\u00bb50&#8243; shift_x=\u00bb0&#8243; shift_y=\u00bb0&#8243; shift_y_down=\u00bb0&#8243; z_index=\u00bb0&#8243; align_medium=\u00bbalign_center_tablet\u00bb medium_width=\u00bb0&#8243; align_mobile=\u00bbalign_center_mobile\u00bb mobile_width=\u00bb0&#8243; width=\u00bb1\/2&#8243;][vc_custom_heading heading_semantic=\u00bbh1&#8243; text_size=\u00bbh1&#8243; sub_lead=\u00bbyes\u00bb]<b>ViaT<\/b> es el sistema de pago en autopistas m\u00e1s r\u00e1pido, c\u00f3modo, seguro y sin interrupciones[\/vc_custom_heading][vc_separator][vc_column_text text_lead=\u00bbyes\u00bb]<\/p>\n<h6>Recuerda que si no quieres abonar el tr\u00e1nsito con el ViaT, es preciso que no est\u00e9 en un lugar detectable por las antenas de peaje. No podemos retroceder un pago realizado con el ViaT una vez abandonada la v\u00eda.<\/h6>\n<p>[\/vc_column_text][\/vc_column_inner][vc_column_inner column_width_percent=\u00bb100&#8243; gutter_size=\u00bb3&#8243; style=\u00bbdark\u00bb overlay_alpha=\u00bb50&#8243; shift_x=\u00bb0&#8243; shift_y=\u00bb0&#8243; shift_y_down=\u00bb0&#8243; z_index=\u00bb0&#8243; align_medium=\u00bbalign_center_tablet\u00bb medium_width=\u00bb0&#8243; align_mobile=\u00bbalign_center_mobile\u00bb mobile_width=\u00bb0&#8243; width=\u00bb1\/2&#8243;][vc_column_text text_lead=\u00bbyes\u00bb]Si te quieres beneficiar de los descuentos por frecuencia de paso en los t\u00faneles de Vallvidrera, es necesario que\u00a0 solicites el ViaT T\u00fanels desde este enlace. Lo podr\u00e1s utilizar en cualquier autopista pero solo obtendr\u00e1s el descuento con el VIAT T\u00daNELS introduciendo el c\u00f3digo promocional \u00ab<strong>TUNELSB<\/strong>\u00bb en el proceso de petici\u00f3n del dispositivo.[\/vc_column_text][vc_button wide=\u00bbyes\u00bb border_width=\u00bb0&#8243; link=\u00bburl:https%3A%2F%2Fcanal.bipdrive.com%2Fp1%2F|target:_blank|rel:nofollow\u00bb]Solicita tu Via-T con el c\u00f3digo TUNELSB[\/vc_button][\/vc_column_inner][\/vc_row_inner][\/vc_column][\/vc_row][vc_row row_height_percent=\u00bb0&#8243; override_padding=\u00bbyes\u00bb h_padding=\u00bb2&#8243; top_padding=\u00bb2&#8243; bottom_padding=\u00bb2&#8243; back_color=\u00bbcolor-xsdn\u00bb overlay_alpha=\u00bb50&#8243; gutter_size=\u00bb100&#8243; column_width_percent=\u00bb100&#8243; shift_y=\u00bb0&#8243; z_index=\u00bb0&#8243; style=\u00bbinherited\u00bb row_name=\u00bbAbout Us\u00bb][vc_column column_width_percent=\u00bb100&#8243; position_vertical=\u00bbmiddle\u00bb align_horizontal=\u00bbalign_center\u00bb gutter_size=\u00bb4&#8243; overlay_alpha=\u00bb100&#8243; shift_x=\u00bb0&#8243; shift_y=\u00bb0&#8243; shift_y_down=\u00bb0&#8243; z_index=\u00bb0&#8243; medium_width=\u00bb0&#8243; mobile_width=\u00bb0&#8243; zoom_width=\u00bb0&#8243; zoom_height=\u00bb0&#8243; width=\u00bb1\/1&#8243;][vc_row_inner row_inner_height_percent=\u00bb0&#8243; overlay_alpha=\u00bb50&#8243; gutter_size=\u00bb3&#8243; shift_y=\u00bb0&#8243; z_index=\u00bb0&#8243; limit_content=\u00bb\u00bb][vc_column_inner column_width_use_pixel=\u00bbyes\u00bb position_vertical=\u00bbmiddle\u00bb align_horizontal=\u00bbalign_center\u00bb gutter_size=\u00bb3&#8243; override_padding=\u00bbyes\u00bb column_padding=\u00bb0&#8243; overlay_alpha=\u00bb50&#8243; shift_x=\u00bb0&#8243; shift_y=\u00bb0&#8243; shift_y_down=\u00bb0&#8243; z_index=\u00bb0&#8243; medium_width=\u00bb0&#8243; mobile_width=\u00bb0&#8243; width=\u00bb1\/1&#8243; column_width_pixel=\u00bb600&#8243;][vc_custom_heading heading_semantic=\u00bbh3&#8243; text_size=\u00bbh1&#8243;]Ventajas del VIAT[\/vc_custom_heading][\/vc_column_inner][\/vc_row_inner][vc_row_inner row_inner_height_percent=\u00bb0&#8243; overlay_alpha=\u00bb100&#8243; gutter_size=\u00bb4&#8243; shift_y=\u00bb0&#8243; z_index=\u00bb0&#8243; limit_content=\u00bb\u00bb][vc_column_inner column_width_percent=\u00bb100&#8243; align_horizontal=\u00bbalign_center\u00bb gutter_size=\u00bb3&#8243; overlay_alpha=\u00bb100&#8243; shift_x=\u00bb0&#8243; shift_y=\u00bb0&#8243; shift_y_down=\u00bb0&#8243; z_index=\u00bb0&#8243; medium_width=\u00bb3&#8243; mobile_width=\u00bb7&#8243; zoom_width=\u00bb0&#8243; zoom_height=\u00bb0&#8243; width=\u00bb1\/3&#8243;][vc_icon icon=\u00bbfa fa-adjustments\u00bb icon_image=\u00bb83288&#8243; icon_color=\u00bbaccent\u00bb text_size=\u00bbh4&#8243; title=\u00bbM\u00e1s seguro\u00bb link=\u00bb|||\u00bb][\/vc_icon][vc_column_text el_class=\u00bbmin-height-3x\u00bb]<strong>Via T<\/strong> se basa en una <strong>tecnolog\u00eda avanzada<\/strong> que garantiza la seguridad sin distracciones.[\/vc_column_text][vc_icon icon=\u00bbfa fa-trophy2&#8243; icon_image=\u00bb83287&#8243; icon_color=\u00bbaccent\u00bb text_size=\u00bbh4&#8243; title=\u00bbM\u00e1s r\u00e1pido\u00bb link=\u00bb|||\u00bb][\/vc_icon][vc_column_text el_class=\u00bbmin-height-3x\u00bb]<strong>30 km\/h<\/strong> es la velocidad adecuada en el telepeaje para la correcta lectura del Via T.[\/vc_column_text][\/vc_column_inner][vc_column_inner column_width_percent=\u00bb100&#8243; align_horizontal=\u00bbalign_center\u00bb gutter_size=\u00bb3&#8243; overlay_alpha=\u00bb50&#8243; shift_x=\u00bb0&#8243; shift_y=\u00bb0&#8243; shift_y_down=\u00bb0&#8243; z_index=\u00bb0&#8243; medium_width=\u00bb0&#8243; mobile_width=\u00bb0&#8243; width=\u00bb1\/3&#8243;][vc_icon icon=\u00bbfa fa-trophy2&#8243; icon_image=\u00bb83285&#8243; icon_color=\u00bbaccent\u00bb text_size=\u00bbh4&#8243; title=\u00bbSin interrupciones\u00bb link=\u00bb|||\u00bb][\/vc_icon][vc_column_text el_class=\u00bbmin-height-3x\u00bb]<strong>No necesitar\u00e1s buscar dinero<\/strong> o tarjetas de cr\u00e9dito, bajar la ventanilla ni recoger el recibo.[\/vc_column_text][vc_icon icon=\u00bbfa fa-trophy2&#8243; icon_image=\u00bb83286&#8243; icon_color=\u00bbaccent\u00bb text_size=\u00bbh4&#8243; title=\u00bbMejor para el medio ambiente\u00bb link=\u00bb|||\u00bb][\/vc_icon][vc_column_text el_class=\u00bbmin-height-3x\u00bb]Si no detienes el veh\u00edculo, reducir\u00e1s la emisi\u00f3n de gases contaminantes y consumir\u00e1s <strong>menos combustible<\/strong>.[\/vc_column_text][\/vc_column_inner][vc_column_inner column_width_percent=\u00bb100&#8243; align_horizontal=\u00bbalign_center\u00bb gutter_size=\u00bb3&#8243; overlay_alpha=\u00bb50&#8243; shift_x=\u00bb0&#8243; shift_y=\u00bb0&#8243; shift_y_down=\u00bb0&#8243; z_index=\u00bb0&#8243; medium_width=\u00bb0&#8243; mobile_width=\u00bb0&#8243; width=\u00bb1\/3&#8243;][vc_icon icon=\u00bbfa fa-envelope2&#8243; icon_image=\u00bb83290&#8243; icon_color=\u00bbaccent\u00bb text_size=\u00bbh4&#8243; title=\u00bbM\u00e1s c\u00f3modo\u00bb link=\u00bb|||\u00bb][\/vc_icon][vc_column_text el_class=\u00bbmin-height-3x\u00bb]Puedes solicitar el recibo de paso solicit\u00e1ndolo desde tu\u00a0 <a href=\"https:\/\/clients.tunels.cat\">\u00e1rea cliente<\/a> y lo recibir\u00e1s en tu correo electr\u00f3nico el primer d\u00eda laborable desde la fecha del tr\u00e1nsito.[\/vc_column_text][vc_icon icon=\u00bbfa fa-pricetags\u00bb icon_image=\u00bb83291&#8243; icon_color=\u00bbaccent\u00bb text_size=\u00bbh4&#8243; title=\u00bbAcceso a descuentos\u00bb link=\u00bb|||\u00bb][\/vc_icon][vc_column_text el_class=\u00bbmin-height-3x\u00bb]Lo podr\u00e1s utilizar en cualquier autopista pero solo obtendr\u00e1s el descuento por frecuencia en Vallvidrera con el ViaT T\u00fanels.[\/vc_column_text][\/vc_column_inner][\/vc_row_inner][vc_accordion active_tab=\u00bb0&#8243;][vc_accordion_tab title=\u00bb\u00bfC\u00f3mo funciona?\u00bb tab_id=\u00bb1583424891-1-22&#8243; slug=\u00bbcomfunciona\u00bb][vc_row_inner limit_content=\u00bb\u00bb][vc_column_inner width=\u00bb1\/3&#8243;][vc_icon icon_image=\u00bb83301&#8243; el_class=\u00bbtext-center\u00bb]<\/p>\n<p style=\"text-align: center;\"><strong><span class=\"texto-cuerpo5\">Coloca tu Via T en el parabrisas<\/span><\/strong><\/p>\n<p>[\/vc_icon][\/vc_column_inner][vc_column_inner width=\u00bb1\/3&#8243;][vc_icon icon_image=\u00bb83303&#8243; el_class=\u00bbtext-center\u00bb]<\/p>\n<p style=\"text-align: center;\"><strong><span class=\"texto-cuerpo5\">Pasa el peaje por el carril indicado<\/span><\/strong><\/p>\n<p>[\/vc_icon][\/vc_column_inner][vc_column_inner width=\u00bb1\/3&#8243;][vc_icon icon_image=\u00bb83302&#8243; el_class=\u00bbtext-center\u00bb]<\/p>\n<p style=\"text-align: center;\"><strong><span class=\"texto-cuerpo5\">Despu\u00e9s de escuchar el silbido contin\u00faa tu viaje<\/span><\/strong><\/p>\n<p>[\/vc_icon][\/vc_column_inner][\/vc_row_inner][\/vc_accordion_tab][vc_accordion_tab title=\u00bb\u00bfD\u00f3nde colocarlo?\u00bb tab_id=\u00bb1583424891-2-4&#8243; slug=\u00bbonposarho\u00bb][vc_row_inner limit_content=\u00bb\u00bb][vc_column_inner width=\u00bb1\/3&#8243;][vc_icon icon_image=\u00bb83298&#8243; el_class=\u00bbtext-center\u00bb]<\/p>\n<p style=\"text-align: center;\"><strong><span class=\"texto-cuerpo5\">En los turismos o veh\u00edculos ligeros:<\/span><\/strong><br \/>\nEn la parte superior central, a unos 5 cent\u00edmetros del marco superior, detr\u00e1s del espejo retrovisor. Si el parabrisas dispone de una zona sombreada de puntos, coloca el ViaT en la parte m\u00e1s ancha de la zona de puntos.[\/vc_icon][\/vc_column_inner][vc_column_inner column_width_percent=\u00bb100&#8243; align_horizontal=\u00bbalign_center\u00bb gutter_size=\u00bb3&#8243; overlay_alpha=\u00bb50&#8243; shift_x=\u00bb0&#8243; shift_y=\u00bb0&#8243; shift_y_down=\u00bb0&#8243; z_index=\u00bb0&#8243; medium_width=\u00bb0&#8243; mobile_width=\u00bb0&#8243; width=\u00bb1\/3&#8243;][vc_icon icon_image=\u00bb83297&#8243;]<strong><span class=\"texto-cuerpo5\">En camiones o veh\u00edculos pesados:<\/span><\/strong><br \/>\nEn la parte inferior central, a unos 5 cent\u00edmetros del marco inferior.[\/vc_icon][\/vc_column_inner][vc_column_inner column_width_percent=\u00bb100&#8243; align_horizontal=\u00bbalign_center\u00bb gutter_size=\u00bb3&#8243; overlay_alpha=\u00bb50&#8243; shift_x=\u00bb0&#8243; shift_y=\u00bb0&#8243; shift_y_down=\u00bb0&#8243; z_index=\u00bb0&#8243; medium_width=\u00bb0&#8243; mobile_width=\u00bb0&#8243; width=\u00bb1\/3&#8243;][vc_icon icon_image=\u00bb83296&#8243;]<b>En las motocicletas<span class=\"texto-cuerpo5\">:<\/span><\/b><br \/>\nLa opci\u00f3n m\u00e1s c\u00f3moda y segura para motoristas es utilizar el brazalete de <strong>Bip&amp;Drive<\/strong>, el primer brazalete exclusivo para motoristas, que garantiza la apertura de la barrera y la lectura correcta de la se\u00f1al Via T. Si no lo tienes, el Via T debe ir en el carenado de la moto, nunca guardado en la chaqueta.[\/vc_icon][\/vc_column_inner][\/vc_row_inner][\/vc_accordion_tab][\/vc_accordion][\/vc_column][\/vc_row]<\/p>\n<\/div>","protected":false},"excerpt":{"rendered":"<p>[vc_row row_height_percent=\u00bb60&#8243; back_color=\u00bbcolor-wayh\u00bb back_image=\u00bb82985&#8243; back_position=\u00bbcenter top\u00bb parallax=\u00bbyes\u00bb kburns=\u00bbyes\u00bb overlay_color=\u00bbcolor-wayh\u00bb overlay_alpha=\u00bb50&#8243; gutter_size=\u00bb3&#8243; column_width_percent=\u00bb100&#8243; shift_y=\u00bb0&#8243; z_index=\u00bb0&#8243;][vc_column column_width_percent=\u00bb100&#8243; gutter_size=\u00bb3&#8243; overlay_alpha=\u00bb50&#8243; shift_x=\u00bb0&#8243; shift_y=\u00bb0&#8243; shift_y_down=\u00bb0&#8243; [&hellip;]<\/p>\n","protected":false},"author":1,"featured_media":0,"parent":0,"menu_order":0,"comment_status":"closed","ping_status":"closed","template":"","meta":{"footnotes":""},"_links":{"self":[{"href":"https:\/\/tunels.cat\/es\/wp-json\/wp\/v2\/pages\/83761"}],"collection":[{"href":"https:\/\/tunels.cat\/es\/wp-json\/wp\/v2\/pages"}],"about":[{"href":"https:\/\/tunels.cat\/es\/wp-json\/wp\/v2\/types\/page"}],"author":[{"embeddable":true,"href":"https:\/\/tunels.cat\/es\/wp-json\/wp\/v2\/users\/1"}],"replies":[{"embeddable":true,"href":"https:\/\/tunels.cat\/es\/wp-json\/wp\/v2\/comments?post=83761"}],"version-history":[{"count":5,"href":"https:\/\/tunels.cat\/es\/wp-json\/wp\/v2\/pages\/83761\/revisions"}],"predecessor-version":[{"id":86231,"href":"https:\/\/tunels.cat\/es\/wp-json\/wp\/v2\/pages\/83761\/revisions\/86231"}],"wp:attachment":[{"href":"https:\/\/tunels.cat\/es\/wp-json\/wp\/v2\/media?parent=83761"}],"curies":[{"name":"wp","href":"https:\/\/api.w.org\/{rel}","templated":true}]}}